{"id":1535,"date":"2020-05-20T00:00:00","date_gmt":"2020-05-20T00:00:00","guid":{"rendered":"http:\/\/demo.archiwp.com\/fresh-version\/?page_id=6"},"modified":"2025-01-29T11:06:46","modified_gmt":"2025-01-29T10:06:46","slug":"home","status":"publish","type":"page","link":"https:\/\/sosnowastudio.pl\/","title":{"rendered":"Home"},"content":{"rendered":"<p>[vc_row content_placement=&#8221;top&#8221; archi_parallax=&#8221;yes&#8221; css=&#8221;.vc_custom_1738145204745{padding-top: 90px !important;padding-bottom: 90px !important;background-image: url(https:\/\/sosnowastudio.pl\/wp-content\/uploads\/2025\/01\/Black-and-White-Minimal-Interior-Design-Facebook-Cover-2.png?id=1892) !important;background-position: center !important;background-repeat: no-repeat !important;background-size: cover !important;}&#8221; el_class=&#8221;text-dark&#8221;][vc_column css=&#8221;.vc_custom_1590047148833{background-position: center !important;background-repeat: no-repeat !important;background-size: cover !important;}&#8221;]\t\n\t<!-- Element: OT Home Parallax Multi-Purpose -->\n\t<div class=\"center-y text-center\">\n        <div class=\"spacer-double\"><\/div>\n        \t        <h1 class=\"title s2\" style=\"color:#ffffff;\" >usi\u0105d\u017a <strong>i<\/strong> zrelaksuj si\u0119<\/h1>\n\t             \n\t\t<div class=\"spacer-half\"><\/div>\t\n\n\t\t        \t\n\t        <span class=\"teaser-text-3\" style=\"color:#ffffff;\">stworzymy przestrze\u0144 specjalnie dla ciebie<\/span>\n\t        <div class=\"spacer-double\"><\/div>\n        \t\n\n        <a href=\"https:\/\/sosnowastudio.pl\/?page_id=653\" class=\"btn btn-line-white btn-big scroll-to scroll-to\" title=\"Wybierz nas\" target=\"_self\">Wybierz nas<\/a> \t\t\n\n        <div class=\"spacer-single\"><\/div>\n\t\t<div class=\"spacer-double\"><\/div>\n    <\/div>\n    \n[\/vc_column][\/vc_row][vc_row css=&#8221;.vc_custom_1529377398143{padding-top: 90px !important;padding-bottom: 90px !important;}&#8221;][vc_column]<!-- Element: OT Services Grid 3 -->\n<div class=\"row text-light\">\n\t\n\t\t<div class=\"col-md-4 text-middle wow fadeInRight\" data-wow-delay=\"1s\">\n            <div class=\"shadow-soft\" data-bgimage=\"url(https:\/\/sosnowastudio.pl\/wp-content\/uploads\/2015\/08\/s1.jpg)\">\n                <div class=\"padding50 overlay60\">\n                    <h3>mieszkania i domy<\/h3>\n                \t<p>Potrzebujesz wyko\u0144czy\u0107, wyremontowa\u0107, urz\u0105dzi\u0107 czy po prostu co\u015b zmieni\u0107 w swojej przestrzeni? Oferujemy kompleksowe us\u0142ugi projektowe i budowlane, skontaktuj si\u0119 z nami, na pewno pomo\u017cemy<\/p>\n                \t                    \t<a href=\"https:\/\/sosnowastudio.pl\/?service=residential-design\" class=\"btn-line btn-fullwidth\">Wi\u0119cej<\/a>\n                                    <\/div>\n            <\/div>\n        <\/div>\n\t\t\t\n\t\t<div class=\"col-md-4 text-middle wow fadeInRight\" data-wow-delay=\"2s\">\n            <div class=\"shadow-soft\" data-bgimage=\"url(https:\/\/sosnowastudio.pl\/wp-content\/uploads\/2015\/08\/kuchnia-ikea-1.jpg)\">\n                <div class=\"padding50 overlay60\">\n                    <h3>metamorfoza pomieszcze\u0144<\/h3>\n                \t<p>Masz dosy\u0107 swojej starej kuchni? a mo\u017ce twoje dziecko ju\u017c nie da rady \u017cy\u0107 w r\u00f3\u017cowych \u015bcianach i potrzebuje pokoju dla nastolatka? Nic prostszego, odmienimy dowolne pomieszczenie w Twoim mieszkaniu czy domu. <\/p>\n                \t                    \t<a href=\"https:\/\/sosnowastudio.pl\/?service=hospitaly-design\" class=\"btn-line btn-fullwidth\">Wi\u0119cej<\/a>\n                                    <\/div>\n            <\/div>\n        <\/div>\n\t\t\t\n\t\t<div class=\"col-md-4 text-middle wow fadeInRight\" data-wow-delay=\"3s\">\n            <div class=\"shadow-soft\" data-bgimage=\"url(https:\/\/sosnowastudio.pl\/wp-content\/uploads\/2015\/08\/ikea-sala-1-1.png)\">\n                <div class=\"padding50 overlay60\">\n                    <h3>przestrze\u0144 biurowa<\/h3>\n                \t<p>Wykonujemy projekty, remonty i wyko\u0144czenia przestrzeni biurowych. Dodatkowo instalujemy urz\u0105dzenia audio video w salach konferencyjnych. Masz pomys\u0142? Pomo\u017cemy go zrealizowa\u0107<\/p>\n                \t                    \t<a href=\"https:\/\/sosnowastudio.pl\/?service=office-design\" class=\"btn-line btn-fullwidth\">Wi\u0119cej<\/a>\n                                    <\/div>\n            <\/div>\n        <\/div>\n\t\t<div class=\"spacer-single\"><\/div>\t\t\n<\/div>\t\n\n[\/vc_column][\/vc_row][vc_row css=&#8221;.vc_custom_1529483741851{padding-top: 90px !important;padding-bottom: 90px !important;background-color: #f5f5f5 !important;}&#8221;][vc_column width=&#8221;1\/4&#8243; animate=&#8221;fadeinup&#8221;][vc_column_text]<\/p>\n<h3><strong>Aran\u017cacje<\/strong><\/h3>\n<p>Nie masz pomys\u0142u na swoje wn\u0119trze? pomo\u017cemy stworzy\u0107 przestrze\u0144, w kt\u00f3rej b\u0119dziesz si\u0119 czu\u0142 &#8230;. jak u siebie[\/vc_column_text][\/vc_column][vc_column width=&#8221;1\/4&#8243; animate=&#8221;fadeinup&#8221; delay=&#8221;.25&#8243;][vc_column_text]<\/p>\n<h3><strong>Wyko\u0144czenie<\/strong><\/h3>\n<p>Zrealizujemy ca\u0142y projekt kompleksowo. Niewa\u017cne czy chcesz odmieni\u0107 jedno pomieszczenie czy zrobi\u0107 demolk\u0119[\/vc_column_text][\/vc_column][vc_column width=&#8221;1\/4&#8243; animate=&#8221;fadeinup&#8221; delay=&#8221;.5&#8243;][vc_column_text]<\/p>\n<h3><strong>Wyposa\u017cenie\u00a0<\/strong><\/h3>\n<p>Dobierzemy i wstawimy meble, zabudowy, akcesoria i dekoracje. Zainstalujemy urz\u0105dzenia AGD i RTV, a nawet internety.[\/vc_column_text][\/vc_column][vc_column width=&#8221;1\/4&#8243; animate=&#8221;fadeinup&#8221; delay=&#8221;.75&#8243;][vc_column_text]<\/p>\n<h3><strong>Remonty<\/strong><\/h3>\n<p>Je\u017celi chcecie od\u015bwie\u017cy\u0107 swoj\u0105 przestrze\u0144, przebudowa\u0107 uk\u0142ad funkcjonalny pomieszcze\u0144, czy po prostu co\u015b zmieni\u0107 to trafili\u015bcie idealnie[\/vc_column_text][\/vc_column][\/vc_row][vc_row fullwidth=&#8221;yes&#8221; css=&#8221;.vc_custom_1529460997473{padding-top: 30px !important;}&#8221;][vc_column]  \n\n\t<!-- Element: OT Portfolio Masonry -->\n\t<div class=\"grid\" data-col=\"4\" data-gridspace=\"30\" data-ratio=\"466\/700\">    \n            \n\t        <div class=\"grid-item residential  none\">\n\t            <!-- gallery item -->\n\t            <div class=\"item residential \">\n\t                <div class=\"picframe\">\n\t                    <a class=\"single-ajax-popup\" href=\"https:\/\/sosnowastudio.pl\/?portfolio=eco-green-interior\">\n\t                        <span class=\"overlay\">\n\t                            <span class=\"pf_title\">\n\t                                <span class=\"project-name\">Proste wn\u0119trze<\/span>\n\t                            <\/span>\n\t                        <\/span>\n\t                    <\/a>\n\t                    \t\t\t\t\t\t\t<img loading=\"lazy\" decoding=\"async\" width=\"2560\" height=\"1880\" src=\"https:\/\/sosnowastudio.pl\/wp-content\/uploads\/2015\/07\/mieszkanie-pod-wynajem-scaled.jpg\" class=\"attachment-full size-full wp-post-image\" alt=\"\" srcset=\"https:\/\/sosnowastudio.pl\/wp-content\/uploads\/2015\/07\/mieszkanie-pod-wynajem-scaled.jpg 2560w, https:\/\/sosnowastudio.pl\/wp-content\/uploads\/2015\/07\/mieszkanie-pod-wynajem-300x220.jpg 300w, https:\/\/sosnowastudio.pl\/wp-content\/uploads\/2015\/07\/mieszkanie-pod-wynajem-1024x752.jpg 1024w, https:\/\/sosnowastudio.pl\/wp-content\/uploads\/2015\/07\/mieszkanie-pod-wynajem-768x564.jpg 768w, https:\/\/sosnowastudio.pl\/wp-content\/uploads\/2015\/07\/mieszkanie-pod-wynajem-1536x1128.jpg 1536w, https:\/\/sosnowastudio.pl\/wp-content\/uploads\/2015\/07\/mieszkanie-pod-wynajem-2048x1504.jpg 2048w, https:\/\/sosnowastudio.pl\/wp-content\/uploads\/2015\/07\/mieszkanie-pod-wynajem-600x441.jpg 600w\" sizes=\"auto, (max-width: 2560px) 100vw, 2560px\" title=\"mieszkanie pod wynajem\" \/>\t\t\t\t\t\t\t                <\/div>\n\t            <\/div>\n\t            <!-- close gallery item -->\n\t        <\/div>\n            \n\t        <div class=\"grid-item hospitaly  large-width\">\n\t            <!-- gallery item -->\n\t            <div class=\"item hospitaly \">\n\t                <div class=\"picframe\">\n\t                    <a class=\"single-ajax-popup\" href=\"https:\/\/sosnowastudio.pl\/?portfolio=modern-elegance-suite\">\n\t                        <span class=\"overlay\">\n\t                            <span class=\"pf_title\">\n\t                                <span class=\"project-name\">Dom Pod Malborkiem<\/span>\n\t                            <\/span>\n\t                        <\/span>\n\t                    <\/a>\n\t                    \t\t\t\t\t\t\t<img loading=\"lazy\" decoding=\"async\" width=\"1200\" height=\"1600\" src=\"https:\/\/sosnowastudio.pl\/wp-content\/uploads\/2015\/07\/malbork-1.jpg\" class=\"attachment-full size-full wp-post-image\" alt=\"\" srcset=\"https:\/\/sosnowastudio.pl\/wp-content\/uploads\/2015\/07\/malbork-1.jpg 1200w, https:\/\/sosnowastudio.pl\/wp-content\/uploads\/2015\/07\/malbork-1-225x300.jpg 225w, https:\/\/sosnowastudio.pl\/wp-content\/uploads\/2015\/07\/malbork-1-768x1024.jpg 768w, https:\/\/sosnowastudio.pl\/wp-content\/uploads\/2015\/07\/malbork-1-1152x1536.jpg 1152w, https:\/\/sosnowastudio.pl\/wp-content\/uploads\/2015\/07\/malbork-1-600x800.jpg 600w\" sizes=\"auto, (max-width: 1200px) 100vw, 1200px\" title=\"malbork 1\" \/>\t\t\t\t\t\t\t                <\/div>\n\t            <\/div>\n\t            <!-- close gallery item -->\n\t        <\/div>\n            \n\t        <div class=\"grid-item hospitaly  large-height\">\n\t            <!-- gallery item -->\n\t            <div class=\"item hospitaly \">\n\t                <div class=\"picframe\">\n\t                    <a class=\"single-ajax-popup\" href=\"https:\/\/sosnowastudio.pl\/?portfolio=apartment-renovation\">\n\t                        <span class=\"overlay\">\n\t                            <span class=\"pf_title\">\n\t                                <span class=\"project-name\">salon z jadalni\u0105<\/span>\n\t                            <\/span>\n\t                        <\/span>\n\t                    <\/a>\n\t                    \t\t\t\t\t\t\t<img loading=\"lazy\" decoding=\"async\" width=\"600\" height=\"932\" src=\"https:\/\/sosnowastudio.pl\/wp-content\/uploads\/2015\/07\/pf-3-2.jpg\" class=\"attachment-full size-full wp-post-image\" alt=\"\" srcset=\"https:\/\/sosnowastudio.pl\/wp-content\/uploads\/2015\/07\/pf-3-2.jpg 600w, https:\/\/sosnowastudio.pl\/wp-content\/uploads\/2015\/07\/pf-3-2-193x300.jpg 193w\" sizes=\"auto, (max-width: 600px) 100vw, 600px\" title=\"pf (3)\" \/>\t\t\t\t\t\t\t                <\/div>\n\t            <\/div>\n\t            <!-- close gallery item -->\n\t        <\/div>\n            \n\t        <div class=\"grid-item residential  none\">\n\t            <!-- gallery item -->\n\t            <div class=\"item residential \">\n\t                <div class=\"picframe\">\n\t                    <a class=\"single-ajax-popup\" href=\"https:\/\/sosnowastudio.pl\/?portfolio=youtube-video\">\n\t                        <span class=\"overlay\">\n\t                            <span class=\"pf_title\">\n\t                                <span class=\"project-name\">pok\u00f3j nastolatka<\/span>\n\t                            <\/span>\n\t                        <\/span>\n\t                    <\/a>\n\t                    \t\t\t\t\t\t\t<img loading=\"lazy\" decoding=\"async\" width=\"800\" height=\"533\" src=\"https:\/\/sosnowastudio.pl\/wp-content\/uploads\/2015\/07\/pf-7-1.jpg\" class=\"attachment-full size-full wp-post-image\" alt=\"\" srcset=\"https:\/\/sosnowastudio.pl\/wp-content\/uploads\/2015\/07\/pf-7-1.jpg 800w, https:\/\/sosnowastudio.pl\/wp-content\/uploads\/2015\/07\/pf-7-1-300x200.jpg 300w, https:\/\/sosnowastudio.pl\/wp-content\/uploads\/2015\/07\/pf-7-1-768x512.jpg 768w, https:\/\/sosnowastudio.pl\/wp-content\/uploads\/2015\/07\/pf-7-1-700x466.jpg 700w, https:\/\/sosnowastudio.pl\/wp-content\/uploads\/2015\/07\/pf-7-1-600x400.jpg 600w\" sizes=\"auto, (max-width: 800px) 100vw, 800px\" title=\"pf (7)\" \/>\t\t\t\t\t\t\t                <\/div>\n\t            <\/div>\n\t            <!-- close gallery item -->\n\t        <\/div>\n            \n\t        <div class=\"grid-item office  large-height\">\n\t            <!-- gallery item -->\n\t            <div class=\"item office \">\n\t                <div class=\"picframe\">\n\t                    <a class=\"single-ajax-popup\" href=\"https:\/\/sosnowastudio.pl\/?portfolio=domowe-biuro\">\n\t                        <span class=\"overlay\">\n\t                            <span class=\"pf_title\">\n\t                                <span class=\"project-name\">domowe biuro<\/span>\n\t                            <\/span>\n\t                        <\/span>\n\t                    <\/a>\n\t                    \t\t\t\t\t\t\t<img loading=\"lazy\" decoding=\"async\" width=\"1707\" height=\"2560\" src=\"https:\/\/sosnowastudio.pl\/wp-content\/uploads\/2015\/07\/domowe-biuro-sosnowa-1-scaled.jpg\" class=\"attachment-full size-full wp-post-image\" alt=\"\" srcset=\"https:\/\/sosnowastudio.pl\/wp-content\/uploads\/2015\/07\/domowe-biuro-sosnowa-1-scaled.jpg 1707w, https:\/\/sosnowastudio.pl\/wp-content\/uploads\/2015\/07\/domowe-biuro-sosnowa-1-200x300.jpg 200w, https:\/\/sosnowastudio.pl\/wp-content\/uploads\/2015\/07\/domowe-biuro-sosnowa-1-683x1024.jpg 683w, https:\/\/sosnowastudio.pl\/wp-content\/uploads\/2015\/07\/domowe-biuro-sosnowa-1-768x1152.jpg 768w, https:\/\/sosnowastudio.pl\/wp-content\/uploads\/2015\/07\/domowe-biuro-sosnowa-1-1024x1536.jpg 1024w, https:\/\/sosnowastudio.pl\/wp-content\/uploads\/2015\/07\/domowe-biuro-sosnowa-1-1365x2048.jpg 1365w, https:\/\/sosnowastudio.pl\/wp-content\/uploads\/2015\/07\/domowe-biuro-sosnowa-1-600x900.jpg 600w\" sizes=\"auto, (max-width: 1707px) 100vw, 1707px\" title=\"domowe biuro sosnowa\" \/>\t\t\t\t\t\t\t                <\/div>\n\t            <\/div>\n\t            <!-- close gallery item -->\n\t        <\/div>\n            \n\t        <div class=\"grid-item commercial  none\">\n\t            <!-- gallery item -->\n\t            <div class=\"item commercial \">\n\t                <div class=\"picframe\">\n\t                    <a class=\"single-ajax-popup\" href=\"https:\/\/sosnowastudio.pl\/?portfolio=restaurant-in-texas\">\n\t                        <span class=\"overlay\">\n\t                            <span class=\"pf_title\">\n\t                                <span class=\"project-name\">urz\u0105dzenia audio video<\/span>\n\t                            <\/span>\n\t                        <\/span>\n\t                    <\/a>\n\t                    \t\t\t\t\t\t\t<img loading=\"lazy\" decoding=\"async\" width=\"1000\" height=\"666\" src=\"https:\/\/sosnowastudio.pl\/wp-content\/uploads\/2015\/07\/stanm-1.jpg\" class=\"attachment-full size-full wp-post-image\" alt=\"\" srcset=\"https:\/\/sosnowastudio.pl\/wp-content\/uploads\/2015\/07\/stanm-1.jpg 1000w, https:\/\/sosnowastudio.pl\/wp-content\/uploads\/2015\/07\/stanm-1-300x200.jpg 300w, https:\/\/sosnowastudio.pl\/wp-content\/uploads\/2015\/07\/stanm-1-768x511.jpg 768w, https:\/\/sosnowastudio.pl\/wp-content\/uploads\/2015\/07\/stanm-1-700x466.jpg 700w, https:\/\/sosnowastudio.pl\/wp-content\/uploads\/2015\/07\/stanm-1-600x400.jpg 600w\" sizes=\"auto, (max-width: 1000px) 100vw, 1000px\" title=\"stanm\" \/>\t\t\t\t\t\t\t                <\/div>\n\t            <\/div>\n\t            <!-- close gallery item -->\n\t        <\/div>\n            \n\t        <div class=\"grid-item residential  none\">\n\t            <!-- gallery item -->\n\t            <div class=\"item residential \">\n\t                <div class=\"picframe\">\n\t                    <a class=\"single-ajax-popup\" href=\"https:\/\/sosnowastudio.pl\/?portfolio=summer-house\">\n\t                        <span class=\"overlay\">\n\t                            <span class=\"pf_title\">\n\t                                <span class=\"project-name\">Klatka<\/span>\n\t                            <\/span>\n\t                        <\/span>\n\t                    <\/a>\n\t                    \t\t\t\t\t\t\t<img loading=\"lazy\" decoding=\"async\" width=\"2560\" height=\"1920\" src=\"https:\/\/sosnowastudio.pl\/wp-content\/uploads\/2015\/07\/IMG_20200714_091944-scaled.jpg\" class=\"attachment-full size-full wp-post-image\" alt=\"\" srcset=\"https:\/\/sosnowastudio.pl\/wp-content\/uploads\/2015\/07\/IMG_20200714_091944-scaled.jpg 2560w, https:\/\/sosnowastudio.pl\/wp-content\/uploads\/2015\/07\/IMG_20200714_091944-300x225.jpg 300w, https:\/\/sosnowastudio.pl\/wp-content\/uploads\/2015\/07\/IMG_20200714_091944-1024x768.jpg 1024w, https:\/\/sosnowastudio.pl\/wp-content\/uploads\/2015\/07\/IMG_20200714_091944-768x576.jpg 768w, https:\/\/sosnowastudio.pl\/wp-content\/uploads\/2015\/07\/IMG_20200714_091944-1536x1152.jpg 1536w, https:\/\/sosnowastudio.pl\/wp-content\/uploads\/2015\/07\/IMG_20200714_091944-2048x1536.jpg 2048w, https:\/\/sosnowastudio.pl\/wp-content\/uploads\/2015\/07\/IMG_20200714_091944-600x450.jpg 600w\" sizes=\"auto, (max-width: 2560px) 100vw, 2560px\" title=\"IMG_20200714_091944\" \/>\t\t\t\t\t\t\t                <\/div>\n\t            <\/div>\n\t            <!-- close gallery item -->\n\t        <\/div>\n            \n\t        <div class=\"grid-item office  large-width\">\n\t            <!-- gallery item -->\n\t            <div class=\"item office \">\n\t                <div class=\"picframe\">\n\t                    <a class=\"single-ajax-popup\" href=\"https:\/\/sosnowastudio.pl\/?portfolio=office-on-space\">\n\t                        <span class=\"overlay\">\n\t                            <span class=\"pf_title\">\n\t                                <span class=\"project-name\">\u0142azienka<\/span>\n\t                            <\/span>\n\t                        <\/span>\n\t                    <\/a>\n\t                    \t\t\t\t\t\t\t<img loading=\"lazy\" decoding=\"async\" width=\"1920\" height=\"1080\" src=\"https:\/\/sosnowastudio.pl\/wp-content\/uploads\/2015\/07\/texture-952013_1920.jpg\" class=\"attachment-full size-full wp-post-image\" alt=\"\" srcset=\"https:\/\/sosnowastudio.pl\/wp-content\/uploads\/2015\/07\/texture-952013_1920.jpg 1920w, https:\/\/sosnowastudio.pl\/wp-content\/uploads\/2015\/07\/texture-952013_1920-300x169.jpg 300w, https:\/\/sosnowastudio.pl\/wp-content\/uploads\/2015\/07\/texture-952013_1920-1024x576.jpg 1024w, https:\/\/sosnowastudio.pl\/wp-content\/uploads\/2015\/07\/texture-952013_1920-768x432.jpg 768w, https:\/\/sosnowastudio.pl\/wp-content\/uploads\/2015\/07\/texture-952013_1920-1536x864.jpg 1536w, https:\/\/sosnowastudio.pl\/wp-content\/uploads\/2015\/07\/texture-952013_1920-600x338.jpg 600w\" sizes=\"auto, (max-width: 1920px) 100vw, 1920px\" title=\"texture-952013_1920\" \/>\t\t\t\t\t\t\t                <\/div>\n\t            <\/div>\n\t            <!-- close gallery item -->\n\t        <\/div>\n            <\/div> \n[\/vc_column][\/vc_row][vc_row css=&#8221;.vc_custom_1529483750583{padding-top: 90px !important;padding-bottom: 90px !important;background-color: #f5f5f5 !important;}&#8221;][vc_column width=&#8221;1\/4&#8243; animate=&#8221;fadein&#8221;]\t<!-- Element: OT Our Facts -->\n\t<div class=\"de_count \">\n        <i class=\"icon-alarmclock wow zoomIn\" data-wow-delay=\"0\"><\/i>        <h3 class=\"timer\" data-to=\"10000\" data-speed=\"2500\">0<\/h3>\n        <span>Godzin Pracy<\/span>\n    <\/div>\n\n[\/vc_column][vc_column width=&#8221;1\/4&#8243; animate=&#8221;fadein&#8221;]\t<!-- Element: OT Our Facts -->\n\t<div class=\"de_count \">\n        <i class=\"icon-tools wow zoomIn\" data-wow-delay=\"0\"><\/i>        <h3 class=\"timer\" data-to=\"100\" data-speed=\"2500\">0<\/h3>\n        <span>Zrealizowane Projekty<\/span>\n    <\/div>\n\n[\/vc_column][vc_column width=&#8221;1\/4&#8243; animate=&#8221;fadein&#8221;]\t<!-- Element: OT Our Facts -->\n\t<div class=\"de_count \">\n        <i class=\"icon-piechart wow zoomIn\" data-wow-delay=\"0\"><\/i>        <h3 class=\"timer\" data-to=\"500\" data-speed=\"2500\">0<\/h3>\n        <span>Kawa\u0142k\u00f3w pizzy<\/span>\n    <\/div>\n\n[\/vc_column][\/vc_row][vc_row][vc_column][vc_column_text]<\/p>\n<p>[\/vc_column_text][\/vc_column][\/vc_row][vc_row el_class=&#8221;call-to-action bg-color text-dark&#8221; css=&#8221;.vc_custom_1529485490147{padding-top: 20px !important;padding-bottom: 20px !important;}&#8221;][vc_column width=&#8221;2\/3&#8243;]\n\t<!-- Element: OT Heading --> \t \n\t<h2 class=\"ot_custom_heading  \" style=\"color: #222222;\" >Czas na zmian\u0119 Twojej przestrzeni ! Gotowy?<\/h2>\t\n[\/vc_column][vc_column width=&#8221;1\/3&#8243; css=&#8221;.vc_custom_1529485419317{margin-top: 20px !important;}&#8221; el_class=&#8221;text-right&#8221;]\t\t\t\n\t<!-- Element: OT Button --> \n\t\t\t<a href=\"https:\/\/sosnowastudio.pl\/?page_id=1538\" target=\"_self\" class=\"btn btn-line-black btn-big  \">Gotowy !<\/a>\n\t    \n[\/vc_column][\/vc_row]<\/p>\n","protected":false},"excerpt":{"rendered":"<p>[vc_row content_placement=&#8221;top&#8221; archi_parallax=&#8221;yes&#8221; css=&#8221;.vc_custom_1738145204745{padding-top: 90px !important;padding-bottom: 90px !important;background-image: url(https:\/\/sosnowastudio.pl\/wp-content\/uploads\/2025\/01\/Black-and-White-Minimal-Interior-Design-Facebook-Cover-2.png?id=1892) !important;background-position: center !important;background-repeat: no-repeat !important;background-size: cover !important;}&#8221; el_class=&#8221;text-dark&#8221;][vc_column css=&#8221;.vc_custom_1590047148833{background-position: center !important;background-repeat: no-repeat !important;background-size: cover !important;}&#8221;][\/vc_column][\/vc_row][vc_row css=&#8221;.vc_custom_1529377398143{padding-top: 90px !important;padding-bottom: 90px !important;}&#8221;][vc_column][\/vc_column][\/vc_row][vc_row css=&#8221;.vc_custom_1529483741851{padding-top: 90px !important;padding-bottom: 90px !important;background-color: #f5f5f5 !important;}&#8221;][vc_column width=&#8221;1\/4&#8243; animate=&#8221;fadeinup&#8221;][vc_column_text] Aran\u017cacje Nie masz pomys\u0142u na swoje wn\u0119trze? pomo\u017cemy stworzy\u0107 przestrze\u0144, w kt\u00f3rej b\u0119dziesz si\u0119 czu\u0142 &#8230;. jak [&hellip;]<\/p>\n","protected":false},"author":1,"featured_media":0,"parent":0,"menu_order":0,"comment_status":"closed","ping_status":"closed","template":"page-templates\/template-canvas.php","meta":{"footnotes":""},"class_list":["post-1535","page","type-page","status-publish","hentry"],"_links":{"self":[{"href":"https:\/\/sosnowastudio.pl\/index.php?rest_route=\/wp\/v2\/pages\/1535","targetHints":{"allow":["GET"]}}],"collection":[{"href":"https:\/\/sosnowastudio.pl\/index.php?rest_route=\/wp\/v2\/pages"}],"about":[{"href":"https:\/\/sosnowastudio.pl\/index.php?rest_route=\/wp\/v2\/types\/page"}],"author":[{"embeddable":true,"href":"https:\/\/sosnowastudio.pl\/index.php?rest_route=\/wp\/v2\/users\/1"}],"replies":[{"embeddable":true,"href":"https:\/\/sosnowastudio.pl\/index.php?rest_route=%2Fwp%2Fv2%2Fcomments&post=1535"}],"version-history":[{"count":50,"href":"https:\/\/sosnowastudio.pl\/index.php?rest_route=\/wp\/v2\/pages\/1535\/revisions"}],"predecessor-version":[{"id":1893,"href":"https:\/\/sosnowastudio.pl\/index.php?rest_route=\/wp\/v2\/pages\/1535\/revisions\/1893"}],"wp:attachment":[{"href":"https:\/\/sosnowastudio.pl\/index.php?rest_route=%2Fwp%2Fv2%2Fmedia&parent=1535"}],"curies":[{"name":"wp","href":"https:\/\/api.w.org\/{rel}","templated":true}]}}